{"id":164,"date":"2020-09-01T19:01:41","date_gmt":"2020-09-01T17:01:41","guid":{"rendered":"http:\/\/ex-create.cz\/z-partners\/www\/reference\/"},"modified":"2020-09-10T20:24:29","modified_gmt":"2020-09-10T18:24:29","slug":"referenz","status":"publish","type":"page","link":"https:\/\/www.zpartners.cz\/de\/referenz\/","title":{"rendered":"Referenz"},"content":{"rendered":"\n<p>Zu unseren Kunden z\u00e4hlen haupts\u00e4chlich nationale und internationale mittelst\u00e4ndische Unternehmen. Unsere Kunden sind in vielen Bereichen t\u00e4tig, insbesondere in den Bereichen IT, Beratung und Finanzdienstleistungen.<\/p>\n\n<p>Wir k\u00f6nnen Kunden, die transnationale Projekte durchf\u00fchren oder international organisiert sind, bew\u00e4hrte kooperierende ausl\u00e4ndische Beratungsb\u00fcros empfehlen.<\/p>\n\n<h2>Unsere ausgew\u00e4hlten Projekte:<\/h2>\n\n<ul><li>Umfassende Dienstleistungen f\u00fcr die tschechische Niederlassung eines amerikanischen multinationalen Unternehmens<\/li><li>Streitbeilegung f\u00fcr ein globales Versicherungsunternehmen<\/li><li>Umfassende Rechts-, Steuer- und Buchhaltungsdienstleistungen f\u00fcr ein gro\u00dfes europ\u00e4isches Kulturinstitut<\/li><li>Rechtsberatung f\u00fcr ein international t\u00e4tiges tschechisches IT-Unternehmen<\/li><li>Rechts- und Steuerberatung f\u00fcr eine f\u00fchrende mitteleurop\u00e4ische Werbeagentur<\/li><li>Beratung f\u00fcr eine internationale Gruppe, die im Bereich der Managemententwicklung t\u00e4tig ist<\/li><li>Beratungs- und Buchhaltungsdienstleistungen f\u00fcr eine Gruppe, die im Bereich Carsharing t\u00e4tig ist<\/li><li>Rechts- und Steuerberatung f\u00fcr einen f\u00fchrenden europ\u00e4ischen Bekleidungsh\u00e4ndler<\/li><\/ul>\n","protected":false},"excerpt":{"rendered":"<p>Zu unseren Kunden z\u00e4hlen haupts\u00e4chlich nationale und internationale mittelst\u00e4ndische Unternehmen. Unsere Kunden sind in vielen Bereichen t\u00e4tig, insbesondere in den Bereichen IT, Beratung und Finanzdienstleistungen. Wir k\u00f6nnen Kunden, die transnationale Projekte durchf\u00fchren oder international organisiert sind, bew\u00e4hrte kooperierende ausl\u00e4ndische Beratungsb\u00fcros empfehlen. Unsere ausgew\u00e4hlten Projekte: Umfassende Dienstleistungen f\u00fcr die tschechische Niederlassung eines amerikanischen multinationalen Unternehmens Streitbeilegung [&hellip;]<\/p>\n","protected":false},"author":1,"featured_media":0,"parent":0,"menu_order":0,"comment_status":"closed","ping_status":"closed","template":"","meta":[],"_links":{"self":[{"href":"https:\/\/www.zpartners.cz\/de\/wp-json\/wp\/v2\/pages\/164"}],"collection":[{"href":"https:\/\/www.zpartners.cz\/de\/wp-json\/wp\/v2\/pages"}],"about":[{"href":"https:\/\/www.zpartners.cz\/de\/wp-json\/wp\/v2\/types\/page"}],"author":[{"embeddable":true,"href":"https:\/\/www.zpartners.cz\/de\/wp-json\/wp\/v2\/users\/1"}],"replies":[{"embeddable":true,"href":"https:\/\/www.zpartners.cz\/de\/wp-json\/wp\/v2\/comments?post=164"}],"version-history":[{"count":6,"href":"https:\/\/www.zpartners.cz\/de\/wp-json\/wp\/v2\/pages\/164\/revisions"}],"predecessor-version":[{"id":379,"href":"https:\/\/www.zpartners.cz\/de\/wp-json\/wp\/v2\/pages\/164\/revisions\/379"}],"wp:attachment":[{"href":"https:\/\/www.zpartners.cz\/de\/wp-json\/wp\/v2\/media?parent=164"}],"curies":[{"name":"wp","href":"https:\/\/api.w.org\/{rel}","templated":true}]}}