{"id":56,"date":"2020-08-31T13:43:14","date_gmt":"2020-08-31T11:43:14","guid":{"rendered":"http:\/\/ex-create.cz\/z-partners\/www\/mezinarodni-spoluprace\/"},"modified":"2026-01-03T00:44:26","modified_gmt":"2026-01-02T23:44:26","slug":"internationale-kooperation","status":"publish","type":"page","link":"https:\/\/www.zpartners.cz\/de\/internationale-kooperation\/","title":{"rendered":"Internationale Kooperation"},"content":{"rendered":"\n<p class=\"has-text-align-center\"><strong>Bei der L\u00f6sung von Transaktionen mit einem internationalen Element arbeiten wir mit unseren ausl\u00e4ndischen Partnerberatungsstellen zusammen.<\/strong><\/p>\n\n\n\n<p>Dank der Teilnahme an internationalen Netzwerken ist unsere Kanzlei in der Lage, sich schnell und zuverl\u00e4ssig in spezifischen Angelegenheiten zu beraten, die ausl\u00e4ndische Gerichtsbarkeiten und Gesetze betreffen, um unseren Mandanten eine umfassende Rechtsberatung im Ausland anzubieten.<\/p>\n\n\n\n<p>Zpartners Tax s.r.o. kooperiert international mit audittrust, einem Netzwerk qualifizierter und erfahrener Firmen in mehr als 115 L\u00e4ndern.<\/p>\n\n\n\n<p>Weitere Informationen zu audittrust: <a href=\"http:\/\/www.audittrust.com\" target=\"_blank\" rel=\"noreferrer noopener\">www.audittrust.com<\/a><\/p>\n\n\n\n<figure class=\"wp-block-image size-large\"><img loading=\"lazy\" width=\"715\" height=\"224\" src=\"https:\/\/www.zpartners.cz\/wp-content\/uploads\/2026\/01\/audittrust-partner-logo-2.jpg\" alt=\"\" class=\"wp-image-483\" srcset=\"https:\/\/www.zpartners.cz\/wp-content\/uploads\/2026\/01\/audittrust-partner-logo-2.jpg 715w, https:\/\/www.zpartners.cz\/wp-content\/uploads\/2026\/01\/audittrust-partner-logo-2-300x94.jpg 300w\" sizes=\"(max-width: 715px) 100vw, 715px\" \/><\/figure>\n\n\n\n<p><\/p>\n\n\n\n<p>Zpartners advok\u00e1ti s.r.o. sind ein einziges tschechisches Mitglied von TEN &#8211; The European Network of Law Firms, einem umfassenden Netzwerk von Anwaltskanzleien, das 1989 gegr\u00fcndet wurde. Das Netzwerk ist in 24 L\u00e4ndern pr\u00e4sent.<\/p>\n\n\n\n<p>Erfahren Sie mehr \u00fcber das TEN-Netzwerk: <a href=\"http:\/\/www.ten-law.net\">www.ten-law.net<\/a><\/p>\n\n\n\n<figure class=\"wp-block-image size-large\"><img loading=\"lazy\" width=\"624\" height=\"200\" src=\"https:\/\/www.zpartners.cz\/wp-content\/uploads\/2020\/09\/logo-ten-primary.png\" alt=\"\" class=\"wp-image-428\" srcset=\"https:\/\/www.zpartners.cz\/wp-content\/uploads\/2020\/09\/logo-ten-primary.png 624w, https:\/\/www.zpartners.cz\/wp-content\/uploads\/2020\/09\/logo-ten-primary-300x96.png 300w\" sizes=\"(max-width: 624px) 100vw, 624px\" \/><\/figure>\n","protected":false},"excerpt":{"rendered":"<p>Bei der L\u00f6sung von Transaktionen mit einem internationalen Element arbeiten wir mit unseren ausl\u00e4ndischen Partnerberatungsstellen zusammen. Dank der Teilnahme an internationalen Netzwerken ist unsere Kanzlei in der Lage, sich schnell und zuverl\u00e4ssig in spezifischen Angelegenheiten zu beraten, die ausl\u00e4ndische Gerichtsbarkeiten und Gesetze betreffen, um unseren Mandanten eine umfassende Rechtsberatung im Ausland anzubieten. Zpartners Tax s.r.o. [&hellip;]<\/p>\n","protected":false},"author":1,"featured_media":0,"parent":0,"menu_order":0,"comment_status":"closed","ping_status":"closed","template":"","meta":[],"_links":{"self":[{"href":"https:\/\/www.zpartners.cz\/de\/wp-json\/wp\/v2\/pages\/56"}],"collection":[{"href":"https:\/\/www.zpartners.cz\/de\/wp-json\/wp\/v2\/pages"}],"about":[{"href":"https:\/\/www.zpartners.cz\/de\/wp-json\/wp\/v2\/types\/page"}],"author":[{"embeddable":true,"href":"https:\/\/www.zpartners.cz\/de\/wp-json\/wp\/v2\/users\/1"}],"replies":[{"embeddable":true,"href":"https:\/\/www.zpartners.cz\/de\/wp-json\/wp\/v2\/comments?post=56"}],"version-history":[{"count":9,"href":"https:\/\/www.zpartners.cz\/de\/wp-json\/wp\/v2\/pages\/56\/revisions"}],"predecessor-version":[{"id":497,"href":"https:\/\/www.zpartners.cz\/de\/wp-json\/wp\/v2\/pages\/56\/revisions\/497"}],"wp:attachment":[{"href":"https:\/\/www.zpartners.cz\/de\/wp-json\/wp\/v2\/media?parent=56"}],"curies":[{"name":"wp","href":"https:\/\/api.w.org\/{rel}","templated":true}]}}