{"id":264,"date":"2020-09-09T19:19:01","date_gmt":"2020-09-09T17:19:01","guid":{"rendered":"http:\/\/ex-create.cz\/z-partners\/www\/?page_id=264"},"modified":"2020-09-22T10:38:25","modified_gmt":"2020-09-22T08:38:25","slug":"%d0%bf%d0%be%d0%bb%d0%b8%d1%82%d0%b8%d0%ba%d0%b0-%d0%ba%d0%be%d0%bd%d1%84%d0%b8%d0%b4%d0%b5%d0%bd%d1%86%d0%b8%d0%b0%d0%bb%d1%8c%d0%bd%d0%be%d1%81%d1%82%d0%b8","status":"publish","type":"page","link":"https:\/\/www.zpartners.cz\/ru\/%d0%bf%d0%be%d0%bb%d0%b8%d1%82%d0%b8%d0%ba%d0%b0-%d0%ba%d0%be%d0%bd%d1%84%d0%b8%d0%b4%d0%b5%d0%bd%d1%86%d0%b8%d0%b0%d0%bb%d1%8c%d0%bd%d0%be%d1%81%d1%82%d0%b8\/","title":{"rendered":"\u043f\u043e\u043b\u0438\u0442\u0438\u043a\u0430 \u043a\u043e\u043d\u0444\u0438\u0434\u0435\u043d\u0446\u0438\u0430\u043b\u044c\u043d\u043e\u0441\u0442\u0438"},"content":{"rendered":"\n<p class=\"privacy-policy\">Zpartners Tax s.r.o., K luk\u00e1m 1071\/19a, Libu\u0161, 142 00 Praha, I\u010cO: 28505085, Spisov\u00e1 zna\u010dka: C\n146464 veden\u00e1 u M\u011bstsk\u00e9ho soudu v Praze, Zpartners advok\u00e1ti s.r.o., K luk\u00e1m 1071\/19a, Libu\u0161, 142\n00 Praha, I\u010cO: 04650085, Spisov\u00e1 zna\u010dka: C 251440\/MSPH M\u011bstsk\u00fd soud v Praze, Zpartners\nConsulting s.r.o., K luk\u00e1m 1071\/19a, Libu\u0161, 142 00 Praha, I\u010cO: 09187146, Spisov\u00e1 zna\u010dka: C\n332270\/MSPH M\u011bstsk\u00fd soud v Praze (spole\u010dn\u011b d\u00e1le jen \u201eZpartners\u201c), zpracov\u00e1v\u00e1 manu\u00e1ln\u011b, v listinn\u00e9\ni elektronick\u00e9 podob\u011b jako\u017eto spr\u00e1vce osobn\u00ed \u00fadaje a nakl\u00e1d\u00e1 s nimi v souladu s platn\u00fdmi pr\u00e1vn\u00edmi\np\u0159edpisy, zejm. pak v souladu s na\u0159\u00edzen\u00edm Evropsk\u00e9ho parlamentu a Rady (EU) 2016\/679 o ochran\u011b\nfyzick\u00fdch osob v souvislosti se zpracov\u00e1n\u00edm osobn\u00edch \u00fadaj\u016f a o voln\u00e9m pohybu t\u011bchto \u00fadaj\u016f a o\nzru\u0161en\u00ed sm\u011brnice 95\/46\/ES (d\u00e1le jen \u201eGDPR\u201c).<\/p>\n\n\n\n<h2>\u00da\u010cEL ZPRACOV\u00c1N\u00cd<\/h2>\n\n\n\n<p>Zpartners zpracov\u00e1v\u00e1 osobn\u00ed \u00fadaje sv\u00fdch klient\u016f a obchodn\u00edch partner\u016f, jsou-li fyzick\u00fdmi osobami\n(d\u00e1le jen \u201esubjekty \u00fadaj\u016f\u201c), v\u00fdhradn\u011b za n\u00ed\u017ee stanoven\u00fdmi \u00fa\u010dely, na z\u00e1klad\u011b pr\u00e1vn\u00edch titul\u016f\nstanoven\u00fdch GDPR a v rozsahu nutn\u00e9m pro napln\u011bn\u00ed \u00fa\u010delu, k n\u011bmu\u017e byly shrom\u00e1\u017ed\u011bny.<\/p>\n\n\n\n<ul><li>Pln\u011bn\u00ed smlouvy o poskytov\u00e1n\u00ed slu\u017eeb, v\u010detn\u011b jej\u00edho sjedn\u00e1n\u00ed; pln\u011bn\u00ed z\u00e1vazk\u016f stanoven\u00fdch smlouvami s obchodn\u00edmi partnery (zejm. partnersk\u00fdmi kancel\u00e1\u0159emi \u010di dodavateli v\u00fdrobk\u016f a slu\u017eeb); p\u0159edsmluvn\u00ed jedn\u00e1n\u00ed s kandid\u00e1ty na pracovn\u00ed pozice v Zpartners);<\/li><li>Pln\u011bn\u00ed pr\u00e1vn\u00edch povinnost\u00ed (zejm. povinnost\u00ed stanoven\u00fdch \u00fa\u010detn\u00edmi a da\u0148ov\u00fdmi p\u0159edpisy Zpartners jako\u017eto zam\u011bstnavateli a s t\u00edm souvisej\u00edc\u00ed p\u0159ed\u00e1v\u00e1n\u00ed osobn\u00edch \u00fadaj\u016f org\u00e1n\u016fm ve\u0159ejn\u00e9 moci; \u0159\u00e1dn\u00e9 veden\u00ed spisu v\u010detn\u011b e-mailov\u00e9 komunikace; identifikace klienta ve smyslu z\u00e1kona \u010d. 85\/1996 Sb., o advokacii, ve zn\u011bn\u00ed pozd\u011bj\u0161\u00edch p\u0159edpis\u016f, a z\u00e1kona \u010d. 253\/2008 Sb., o n\u011bkter\u00fdch opat\u0159en\u00edch proti legalizaci v\u00fdnos\u016f z trestn\u00e9 \u010dinnosti, ve zn\u011bn\u00ed pozd\u011bj\u0161\u00edch p\u0159edpis\u016f);<\/li><li>Ochrana opr\u00e1vn\u011bn\u00e9ho z\u00e1jmu (ochrana pr\u00e1v a pr\u00e1vem chr\u00e1n\u011bn\u00fdch z\u00e1jm\u016f Zpartners a t\u0159et\u00edch osob \u2013 zejm. klient\u016f Zpartners);<\/li><li>Zas\u00edl\u00e1n\u00ed obchodn\u00edch sd\u011blen\u00ed a nab\u00eddka slu\u017eeb prost\u0159ednictv\u00edm e-mailu (zas\u00edl\u00e1n\u00ed obchodn\u00edch sd\u011blen\u00ed \u010di newsletter\u016f na z\u00e1klad\u011b z\u00e1kona \u010d. 480\/2004 Sb., o n\u011bkter\u00fdch slu\u017eb\u00e1ch informa\u010dn\u00ed spole\u010dnosti a o zm\u011bn\u011b n\u011bkter\u00fdch z\u00e1kon\u016f (z\u00e1kon o n\u011bkter\u00fdch slu\u017eb\u00e1ch informa\u010dn\u00ed spole\u010dnosti), ve zn\u011bn\u00ed pozd\u011bj\u0161\u00edch p\u0159edpis\u016f);<\/li><\/ul>\n\n\n\n<h2>ZPRACOV\u00c1VAN\u00c9 OSOBN\u00cd \u00daDAJE<\/h2>\n\n\n\n<p>Zpartners zpracov\u00e1v\u00e1 zejm\u00e9na n\u00e1sleduj\u00edc\u00ed kategorie osobn\u00edch \u00fadaj\u016f:<\/p>\n\n\n\n<ul><li>identifika\u010dn\u00ed \u00fadaje \u2013 jm\u00e9no, p\u0159\u00edjmen\u00ed, titul, datum narozen\u00ed, I\u010cO, DI\u010c, \u010d\u00edslo OP;<\/li><li>kontaktn\u00ed \u00fadaje \u2013 adresa, telefonn\u00ed \u010d\u00edslo, e-mailov\u00e1 adresa;<\/li><li>finan\u010dn\u00ed \u00fadaje \u2013 \u010d\u00edslo bankovn\u00edho \u00fa\u010dtu;<\/li><li>\u00fadaje o vztahu subjektu \u00fadaj\u016f k Zpartners;<\/li><li>\u00fadaje nezbytn\u00e9 pro pln\u011bn\u00ed eviden\u010dn\u00edch a vykazovac\u00edch povinnost\u00ed Zpartners jako\u017eto zam\u011bstnavatele;<\/li><li>\u00fadaje o kvalifikaci a pracovn\u00edch zku\u0161enostech subjektu \u00fadaj\u016f jako uchaze\u010de o zam\u011bstn\u00e1n\u00ed v Zpartners;<\/li><li>\u00fadaje, kter\u00e9 Zpartners poskytli jej\u00ed klienti nebo jejich pr\u00e1vn\u00ed z\u00e1stupci v r\u00e1mci pln\u011bn\u00ed smlouvy o poskytov\u00e1n\u00ed slu\u017eeb a p\u0159i v\u00fdkonu \u010dinnost\u00ed, kter\u00e9 s t\u00edmto bezprost\u0159edn\u011b souvisej\u00ed.<\/li><\/ul>\n\n\n\n<h2>DOBA ZPRACOV\u00c1N\u00cd OSOBN\u00cdCH \u00daDAJ\u016e<\/h2>\n\n\n\n<p>Osobn\u00ed \u00fadaje jsou Zpartners zpracov\u00e1v\u00e1ny po dobu \u00fa\u010dinnosti smlouvy se subjektem \u00fadaj\u016f, resp. po\ndobu \u00fa\u010dinnosti z\u00e1vazkov\u00e9ho pr\u00e1vn\u00edho vztahu, v souvislosti s n\u00edm\u017e jsou osobn\u00ed \u00fadaje subjektu \u00fadaj\u016f\nzpracov\u00e1v\u00e1ny. D\u00e9le jsou osobn\u00ed \u00fadaje zpracov\u00e1v\u00e1ny jen za p\u0159edpokladu, \u017ee tak stanov\u00ed pr\u00e1vn\u00ed\np\u0159edpis, anebo od\u016fvod\u0148uje-li takov\u00e9 zpracov\u00e1n\u00ed pot\u0159eba \u010di potenci\u00e1l \u00fapln\u00e9ho vypo\u0159\u00e1d\u00e1n\u00ed n\u00e1rok\u016f ze\nz\u00e1vazkov\u00e9ho pr\u00e1vn\u00edho vztahu uzav\u0159en\u00e9ho mezi Zpartners jako\u017eto spr\u00e1vcem a subjektem \u00fadaj\u016f, resp.\nt\u0159et\u00ed osobou, jsou-li v t\u00e9to souvislosti zpracov\u00e1v\u00e1ny osobn\u00ed \u00fadaje subjekt\u016f \u00fadaj\u016f.<\/p>\n\n\n\n<h2>P\u0158\u00cdJEMCI OSOBN\u00cdCH \u00daDAJ\u016e<\/h2>\n\n\n\n<p>Zpartners osobn\u00ed \u00fadaje zp\u0159\u00edstup\u0148uje pouze opr\u00e1vn\u011bn\u00fdm zam\u011bstnanc\u016fm a spolupracuj\u00edc\u00edm osob\u00e1m\nnebo jednotliv\u00fdm zpracovatel\u016fm osobn\u00edch \u00fadaj\u016f smluvn\u011b sjednan\u00fdm Zpartners, p\u0159\u00edpadn\u011b dal\u0161\u00edm\nspr\u00e1vc\u016fm, v\u017edy v\u0161ak pouze v m\u00ed\u0159e nezbytn\u00e9 pro napln\u011bn\u00ed jednotliv\u00fdch \u00fa\u010del\u016f zpracov\u00e1n\u00ed a na z\u00e1klad\u011b\nodpov\u00eddaj\u00edc\u00edho pr\u00e1vn\u00edho titulu pro zpracov\u00e1n\u00ed osobn\u00edch \u00fadaj\u016f. Aktu\u00e1ln\u00ed seznam zpracovatel\u016f\nosobn\u00edch \u00fadaj\u016f je k dispozici v s\u00eddle Zpartners.\nZpartners je v z\u00e1konem stanoven\u00fdch p\u0159\u00edpadech opr\u00e1vn\u011bna, resp. povinna n\u011bkter\u00e9 osobn\u00ed \u00fadaje\np\u0159edat na z\u00e1klad\u011b platn\u00fdch pr\u00e1vn\u00edch p\u0159edpis\u016f org\u00e1n\u016fm ve\u0159ejn\u00e9 moci, resp. subjekt\u016fm pov\u011b\u0159en\u00fdch k\npln\u011bn\u00ed \u00fakol\u016f ve ve\u0159ejn\u00e9m z\u00e1jmu.<\/p>\n\n\n\n<h2>PR\u00c1VA SUBJEKT\u016e \u00daDAJ\u016e<\/h2>\n\n\n\n<p>Subjekty \u00fadaj\u016f maj\u00ed podle pr\u00e1vn\u00edch p\u0159edpis\u016f na ochranu osobn\u00edch \u00fadaj\u016f n\u00e1sleduj\u00edc\u00ed pr\u00e1va:<\/p>\n\n\n\n<ul><li>pr\u00e1vo na p\u0159\u00edstup \u2013 subjekt \u00fadaj\u016f m\u00e1 pr\u00e1vo od Zpartners jako\u017eto spr\u00e1vce z\u00edskat informace o tom, zda zpracov\u00e1v\u00e1 jeho osobn\u00ed \u00fadaje, a pokud ano, o jak\u00e9 \u00fadaje se jedn\u00e1 a jak\u00fdm zp\u016fsobem jsou zpracov\u00e1v\u00e1ny;<\/li><li>pr\u00e1vo na opravu \u2013 subjekt \u00fadaj\u016f m\u00e1 pr\u00e1vo, aby Zpartners bez zbyte\u010dn\u00e9ho odkladu opravila na jeho \u017e\u00e1dost nep\u0159esn\u00e9 osobn\u00ed \u00fadaje, kter\u00e9 se ho t\u00fdkaj\u00ed;<\/li><li>pr\u00e1vo na v\u00fdmaz (pr\u00e1vo b\u00fdt zapomenut) \u2013 subjekt \u00fadaj\u016f m\u00e1 pr\u00e1vo, aby Zpartners zlikvidovala osobn\u00ed \u00fadaje, kter\u00e9 o subjektu \u00fadaj\u016f zpracov\u00e1v\u00e1, pokud jsou spln\u011bny stanoven\u00e9 podm\u00ednky a subjekt \u00fadaj\u016f o to po\u017e\u00e1d\u00e1;<\/li><li>pr\u00e1vo na omezen\u00ed zpracov\u00e1n\u00ed \u2013 subjekt \u00fadaj\u016f m\u00e1 pr\u00e1vo, aby Zpartners v ur\u010dit\u00fdch p\u0159\u00edpadechomezila zpracov\u00e1n\u00ed jeho osobn\u00edch \u00fadaj\u016f;<\/li><li>pr\u00e1vo na p\u0159enositelnost \u00fadaj\u016f \u2013 subjekt \u00fadaj\u016f m\u00e1 pr\u00e1vo, pokud jsou spln\u011bny stanoven\u00e9 podm\u00ednky, z\u00edskat od Zpartners osobn\u00ed \u00fadaje, kter\u00e9 Zpartners poskytl, a p\u0159edat je jin\u00e9mu spr\u00e1vci nebo, pokud je to technicky mo\u017en\u00e9, \u017e\u00e1dat, aby si spr\u00e1vci p\u0159edali osobn\u00ed \u00fadaje mezi sebou;<\/li><li>pr\u00e1vo vzn\u00e9st n\u00e1mitku proti zpracov\u00e1n\u00ed \u2013 subjekt \u00fadaj\u016f m\u00e1 pr\u00e1vo kdykoli vzn\u00e9st n\u00e1mitku proti zpracov\u00e1n\u00ed, kter\u00e9 je zalo\u017eeno na opr\u00e1vn\u011bn\u00fdch z\u00e1jmech Zpartners, t\u0159et\u00ed strany nebo je nezbytn\u00e9 pro spln\u011bn\u00ed \u00fakolu prov\u00e1d\u011bn\u00e9ho ve ve\u0159ejn\u00e9m z\u00e1jmu nebo p\u0159i v\u00fdkonu ve\u0159ejn\u00e9 moci;<\/li><li>pr\u00e1vo odvolat souhlas \u2013 zpracov\u00e1v\u00e1-li Zpartners osobn\u00ed \u00fadaje subjektu \u00fadaj\u016f na z\u00e1klad\u011b jeho dobrovoln\u00e9ho souhlasu, m\u00e1 subjekt \u00fadaj\u016f pr\u00e1vo tento sv\u016fj souhlas kdykoli odvolat. Upozor\u0148ujeme, \u017ee v p\u0159\u00edpad\u011b opakovan\u00fdch \u010di zjevn\u011b ned\u016fvodn\u00fdch \u017e\u00e1dost\u00ed o uplatn\u011bn\u00ed v\u00fd\u0161e uveden\u00fdch pr\u00e1v je Zpartners opr\u00e1vn\u011bna \u00fa\u010dtovat za realizaci dan\u00e9ho pr\u00e1va p\u0159im\u011b\u0159en\u00fd poplatek, p\u0159\u00edpadn\u011b jeho realizaci odm\u00edtnout. <\/li><\/ul>\n\n\n\n<p>V p\u0159\u00edpad\u011b jak\u00fdchkoliv dotaz\u016f \u010di st\u00ed\u017enost\u00ed t\u00fdkaj\u00edc\u00edch se zpracov\u00e1n\u00ed osobn\u00edch \u00fadaj\u016f prov\u00e1d\u011bn\u00e9ho\nZpartners se m\u016f\u017eete obracet p\u0159\u00edmo na Zpartners p\u00edsemn\u011b na adrese jej\u00edho s\u00eddla nebo elektronickou\npo\u0161tou na adrese info@zpartners.cz, p\u0159\u00edpadn\u011b na \u00da\u0159ad pro ochranu osobn\u00edch \u00fadaj\u016f.<\/p>\n","protected":false},"excerpt":{"rendered":"<p>Zpartners Tax s.r.o., K luk\u00e1m 1071\/19a, Libu\u0161, 142 00 Praha, I\u010cO: 28505085, Spisov\u00e1 zna\u010dka: C 146464 veden\u00e1 u M\u011bstsk\u00e9ho soudu v Praze, Zpartners advok\u00e1ti s.r.o., K luk\u00e1m 1071\/19a, Libu\u0161, 142 00 Praha, I\u010cO: 04650085, Spisov\u00e1 zna\u010dka: C 251440\/MSPH M\u011bstsk\u00fd soud v Praze, Zpartners Consulting s.r.o., K luk\u00e1m 1071\/19a, Libu\u0161, 142 00 Praha, I\u010cO: 09187146, Spisov\u00e1 [&hellip;]<\/p>\n","protected":false},"author":1,"featured_media":0,"parent":0,"menu_order":0,"comment_status":"closed","ping_status":"closed","template":"","meta":[],"_links":{"self":[{"href":"https:\/\/www.zpartners.cz\/ru\/wp-json\/wp\/v2\/pages\/264"}],"collection":[{"href":"https:\/\/www.zpartners.cz\/ru\/wp-json\/wp\/v2\/pages"}],"about":[{"href":"https:\/\/www.zpartners.cz\/ru\/wp-json\/wp\/v2\/types\/page"}],"author":[{"embeddable":true,"href":"https:\/\/www.zpartners.cz\/ru\/wp-json\/wp\/v2\/users\/1"}],"replies":[{"embeddable":true,"href":"https:\/\/www.zpartners.cz\/ru\/wp-json\/wp\/v2\/comments?post=264"}],"version-history":[{"count":2,"href":"https:\/\/www.zpartners.cz\/ru\/wp-json\/wp\/v2\/pages\/264\/revisions"}],"predecessor-version":[{"id":424,"href":"https:\/\/www.zpartners.cz\/ru\/wp-json\/wp\/v2\/pages\/264\/revisions\/424"}],"wp:attachment":[{"href":"https:\/\/www.zpartners.cz\/ru\/wp-json\/wp\/v2\/media?parent=264"}],"curies":[{"name":"wp","href":"https:\/\/api.w.org\/{rel}","templated":true}]}}